{"id":334,"date":"2016-09-08T16:18:33","date_gmt":"2016-09-08T14:18:33","guid":{"rendered":"https:\/\/www.osterfestival.at\/einzelkarten\/?lang=en"},"modified":"2022-03-15T23:40:57","modified_gmt":"2022-03-15T22:40:57","slug":"einzelkarten","status":"publish","type":"page","link":"https:\/\/www.osterfestival.at\/en\/einzelkarten\/","title":{"rendered":"Tickets"},"content":{"rendered":"<p><strong>TICKETS ARE AVAILABLE<br \/>\n<\/strong><\/p>\n<ul>\n<li>Osterfestival-Office, Schmiedgasse 5, 6060 Hall i.T., +43 5223 53808, office@osterfestival.at<\/li>\n<\/ul>\n<p><strong>Individual tickets<\/strong><br \/>\nOrder via the Internet or by telephone: Payment by credit card only.<\/p>\n<p><strong>CONCESSIONS:<br \/>\n<\/strong>Persons under 26 years of age: 50% discount on the normal price. Members of \u00d61 Club: 10% discount.<\/p>\n<p>Discounts cannot be combined.<br \/>\nWe reserve the right to make changes to the programme.<\/p>\n<p>Our General Terms and Conditions apply.<\/p>\n","protected":false},"excerpt":{"rendered":"<p>TICKETS ARE AVAILABLE Osterfestival-Office, Schmiedgasse 5, 6060 Hall i.T., +43 5223 53808, office@osterfestival.at Individual tickets Order via the Internet or by telephone: Payment by credit card only. CONCESSIONS: Persons under 26 years of age: 50% discount on the normal price. Members of \u00d61 Club: 10% discount. Discounts cannot be combined. We reserve the right to [&hellip;]<\/p>\n","protected":false},"author":3,"featured_media":0,"parent":0,"menu_order":0,"comment_status":"closed","ping_status":"closed","template":"","meta":{"_acf_changed":false,"footnotes":""},"class_list":["post-334","page","type-page","status-publish","hentry"],"acf":[],"yoast_head":"<!-- This site is optimized with the Yoast SEO plugin v27.3 - https:\/\/yoast.com\/product\/yoast-seo-wordpress\/ -->\n<title>Osterfestival Tirol | Information zu Karten und Preise<\/title>\n<meta name=\"description\" content=\"Hier finden Sie alle Informationen zu Vorverkaufsstellen, Kartenpreise und Erm\u00e4\u00dfigungen f\u00fcr das 32. Osterfestival Tirol, das unter dem Motto Friede? steht.\" \/>\n<meta name=\"robots\" content=\"index, follow, max-snippet:-1, max-image-preview:large, max-video-preview:-1\" \/>\n<link rel=\"canonical\" href=\"https:\/\/www.osterfestival.at\/en\/einzelkarten\/\" \/>\n<meta property=\"og:locale\" content=\"en_US\" \/>\n<meta property=\"og:type\" content=\"article\" \/>\n<meta property=\"og:title\" content=\"Osterfestival Tirol | Information zu Karten und Preise\" \/>\n<meta property=\"og:description\" content=\"Hier finden Sie alle Informationen zu Vorverkaufsstellen, Kartenpreise und Erm\u00e4\u00dfigungen f\u00fcr das 32. Osterfestival Tirol, das unter dem Motto Friede? steht.\" \/>\n<meta property=\"og:url\" content=\"https:\/\/www.osterfestival.at\/en\/einzelkarten\/\" \/>\n<meta property=\"og:site_name\" content=\"Osterfestival\" \/>\n<meta property=\"article:modified_time\" content=\"2022-03-15T22:40:57+00:00\" \/>\n<meta name=\"twitter:card\" content=\"summary_large_image\" \/>\n<meta name=\"twitter:label1\" content=\"Est. reading time\" \/>\n\t<meta name=\"twitter:data1\" content=\"1 minute\" \/>\n<script type=\"application\/ld+json\" class=\"yoast-schema-graph\">{\"@context\":\"https:\\\/\\\/schema.org\",\"@graph\":[{\"@type\":\"WebPage\",\"@id\":\"https:\\\/\\\/www.osterfestival.at\\\/en\\\/einzelkarten\\\/\",\"url\":\"https:\\\/\\\/www.osterfestival.at\\\/en\\\/einzelkarten\\\/\",\"name\":\"Osterfestival Tirol | Information zu Karten und Preise\",\"isPartOf\":{\"@id\":\"https:\\\/\\\/www.osterfestival.at\\\/en\\\/#website\"},\"datePublished\":\"2016-09-08T14:18:33+00:00\",\"dateModified\":\"2022-03-15T22:40:57+00:00\",\"description\":\"Hier finden Sie alle Informationen zu Vorverkaufsstellen, Kartenpreise und Erm\u00e4\u00dfigungen f\u00fcr das 32. Osterfestival Tirol, das unter dem Motto Friede? steht.\",\"breadcrumb\":{\"@id\":\"https:\\\/\\\/www.osterfestival.at\\\/en\\\/einzelkarten\\\/#breadcrumb\"},\"inLanguage\":\"en-US\",\"potentialAction\":[{\"@type\":\"ReadAction\",\"target\":[\"https:\\\/\\\/www.osterfestival.at\\\/en\\\/einzelkarten\\\/\"]}]},{\"@type\":\"BreadcrumbList\",\"@id\":\"https:\\\/\\\/www.osterfestival.at\\\/en\\\/einzelkarten\\\/#breadcrumb\",\"itemListElement\":[{\"@type\":\"ListItem\",\"position\":1,\"name\":\"Home\",\"item\":\"https:\\\/\\\/www.osterfestival.at\\\/en\\\/\"},{\"@type\":\"ListItem\",\"position\":2,\"name\":\"Tickets\"}]},{\"@type\":\"WebSite\",\"@id\":\"https:\\\/\\\/www.osterfestival.at\\\/en\\\/#website\",\"url\":\"https:\\\/\\\/www.osterfestival.at\\\/en\\\/\",\"name\":\"Osterfestival\",\"description\":\"\",\"publisher\":{\"@id\":\"https:\\\/\\\/www.osterfestival.at\\\/en\\\/#organization\"},\"potentialAction\":[{\"@type\":\"SearchAction\",\"target\":{\"@type\":\"EntryPoint\",\"urlTemplate\":\"https:\\\/\\\/www.osterfestival.at\\\/en\\\/?s={search_term_string}\"},\"query-input\":{\"@type\":\"PropertyValueSpecification\",\"valueRequired\":true,\"valueName\":\"search_term_string\"}}],\"inLanguage\":\"en-US\"},{\"@type\":\"Organization\",\"@id\":\"https:\\\/\\\/www.osterfestival.at\\\/en\\\/#organization\",\"name\":\"Osterfestival\",\"url\":\"https:\\\/\\\/www.osterfestival.at\\\/en\\\/\",\"logo\":{\"@type\":\"ImageObject\",\"inLanguage\":\"en-US\",\"@id\":\"https:\\\/\\\/www.osterfestival.at\\\/en\\\/#\\\/schema\\\/logo\\\/image\\\/\",\"url\":\"https:\\\/\\\/www.osterfestival.at\\\/wp-content\\\/uploads\\\/2021\\\/01\\\/logo.png\",\"contentUrl\":\"https:\\\/\\\/www.osterfestival.at\\\/wp-content\\\/uploads\\\/2021\\\/01\\\/logo.png\",\"width\":394,\"height\":226,\"caption\":\"Osterfestival\"},\"image\":{\"@id\":\"https:\\\/\\\/www.osterfestival.at\\\/en\\\/#\\\/schema\\\/logo\\\/image\\\/\"}}]}<\/script>\n<!-- \/ Yoast SEO plugin. -->","yoast_head_json":{"title":"Osterfestival Tirol | Information zu Karten und Preise","description":"Hier finden Sie alle Informationen zu Vorverkaufsstellen, Kartenpreise und Erm\u00e4\u00dfigungen f\u00fcr das 32. Osterfestival Tirol, das unter dem Motto Friede? steht.","robots":{"index":"index","follow":"follow","max-snippet":"max-snippet:-1","max-image-preview":"max-image-preview:large","max-video-preview":"max-video-preview:-1"},"canonical":"https:\/\/www.osterfestival.at\/en\/einzelkarten\/","og_locale":"en_US","og_type":"article","og_title":"Osterfestival Tirol | Information zu Karten und Preise","og_description":"Hier finden Sie alle Informationen zu Vorverkaufsstellen, Kartenpreise und Erm\u00e4\u00dfigungen f\u00fcr das 32. Osterfestival Tirol, das unter dem Motto Friede? steht.","og_url":"https:\/\/www.osterfestival.at\/en\/einzelkarten\/","og_site_name":"Osterfestival","article_modified_time":"2022-03-15T22:40:57+00:00","twitter_card":"summary_large_image","twitter_misc":{"Est. reading time":"1 minute"},"schema":{"@context":"https:\/\/schema.org","@graph":[{"@type":"WebPage","@id":"https:\/\/www.osterfestival.at\/en\/einzelkarten\/","url":"https:\/\/www.osterfestival.at\/en\/einzelkarten\/","name":"Osterfestival Tirol | Information zu Karten und Preise","isPartOf":{"@id":"https:\/\/www.osterfestival.at\/en\/#website"},"datePublished":"2016-09-08T14:18:33+00:00","dateModified":"2022-03-15T22:40:57+00:00","description":"Hier finden Sie alle Informationen zu Vorverkaufsstellen, Kartenpreise und Erm\u00e4\u00dfigungen f\u00fcr das 32. Osterfestival Tirol, das unter dem Motto Friede? steht.","breadcrumb":{"@id":"https:\/\/www.osterfestival.at\/en\/einzelkarten\/#breadcrumb"},"inLanguage":"en-US","potentialAction":[{"@type":"ReadAction","target":["https:\/\/www.osterfestival.at\/en\/einzelkarten\/"]}]},{"@type":"BreadcrumbList","@id":"https:\/\/www.osterfestival.at\/en\/einzelkarten\/#breadcrumb","itemListElement":[{"@type":"ListItem","position":1,"name":"Home","item":"https:\/\/www.osterfestival.at\/en\/"},{"@type":"ListItem","position":2,"name":"Tickets"}]},{"@type":"WebSite","@id":"https:\/\/www.osterfestival.at\/en\/#website","url":"https:\/\/www.osterfestival.at\/en\/","name":"Osterfestival","description":"","publisher":{"@id":"https:\/\/www.osterfestival.at\/en\/#organization"},"potentialAction":[{"@type":"SearchAction","target":{"@type":"EntryPoint","urlTemplate":"https:\/\/www.osterfestival.at\/en\/?s={search_term_string}"},"query-input":{"@type":"PropertyValueSpecification","valueRequired":true,"valueName":"search_term_string"}}],"inLanguage":"en-US"},{"@type":"Organization","@id":"https:\/\/www.osterfestival.at\/en\/#organization","name":"Osterfestival","url":"https:\/\/www.osterfestival.at\/en\/","logo":{"@type":"ImageObject","inLanguage":"en-US","@id":"https:\/\/www.osterfestival.at\/en\/#\/schema\/logo\/image\/","url":"https:\/\/www.osterfestival.at\/wp-content\/uploads\/2021\/01\/logo.png","contentUrl":"https:\/\/www.osterfestival.at\/wp-content\/uploads\/2021\/01\/logo.png","width":394,"height":226,"caption":"Osterfestival"},"image":{"@id":"https:\/\/www.osterfestival.at\/en\/#\/schema\/logo\/image\/"}}]}},"_links":{"self":[{"href":"https:\/\/www.osterfestival.at\/en\/wp-json\/wp\/v2\/pages\/334","targetHints":{"allow":["GET"]}}],"collection":[{"href":"https:\/\/www.osterfestival.at\/en\/wp-json\/wp\/v2\/pages"}],"about":[{"href":"https:\/\/www.osterfestival.at\/en\/wp-json\/wp\/v2\/types\/page"}],"author":[{"embeddable":true,"href":"https:\/\/www.osterfestival.at\/en\/wp-json\/wp\/v2\/users\/3"}],"replies":[{"embeddable":true,"href":"https:\/\/www.osterfestival.at\/en\/wp-json\/wp\/v2\/comments?post=334"}],"version-history":[{"count":12,"href":"https:\/\/www.osterfestival.at\/en\/wp-json\/wp\/v2\/pages\/334\/revisions"}],"predecessor-version":[{"id":7860,"href":"https:\/\/www.osterfestival.at\/en\/wp-json\/wp\/v2\/pages\/334\/revisions\/7860"}],"wp:attachment":[{"href":"https:\/\/www.osterfestival.at\/en\/wp-json\/wp\/v2\/media?parent=334"}],"curies":[{"name":"wp","href":"https:\/\/api.w.org\/{rel}","templated":true}]}}